{"id":582,"date":"2021-12-13T05:24:19","date_gmt":"2021-12-13T05:24:19","guid":{"rendered":"https:\/\/blockart-agency.sites.qsandbox.com\/?page_id=582"},"modified":"2022-01-30T08:39:29","modified_gmt":"2022-01-30T08:39:29","slug":"contact","status":"publish","type":"page","link":"https:\/\/gamla.creando.se\/index.php\/contact\/","title":{"rendered":"Kontakt"},"content":{"rendered":"\n<div class=\"blockart-section blockart-section-73441fc0\"><div class=\"blockart-container\"><div class=\"blockart-section-inner\">\n<div class=\"blockart-column blockart-column-19d4e79a\"><div class=\"blockart-column-inner\">\n<h2 class=\"blockart-heading blockart-heading-ed8ed03b\">Adress<\/h2>\n\n\n\n<p class=\"blockart-paragraph blockart-paragraph-d195d6a0\">Box 3048 <\/p>\n\n\n\n<p class=\"blockart-paragraph blockart-paragraph-2c4d95c6\">871 03 H\u00e4rn\u00f6sand<\/p>\n<\/div><\/div>\n\n\n\n<div class=\"blockart-column blockart-column-67d4f14c\"><div class=\"blockart-column-inner\">\n<h2 class=\"blockart-heading blockart-heading-4a35044c\">Email<\/h2>\n\n\n\n<p class=\"blockart-paragraph blockart-paragraph-d266bdad\">info@creando.se<\/p>\n\n\n\n<p class=\"blockart-paragraph blockart-paragraph-30309db5\">(f\u00f6rnamn)@creando.se<\/p>\n<\/div><\/div>\n\n\n\n<div class=\"blockart-column blockart-column-7f33a661\"><div class=\"blockart-column-inner\">\n<h2 class=\"blockart-heading blockart-heading-79dd122c\">Telefonnummer<\/h2>\n\n\n\n<p class=\"blockart-paragraph blockart-paragraph-9badcfde\">V\u00e4xel: 010-188 46 01<\/p>\n\n\n<\/div><\/div>\n\n\n\n<div class=\"blockart-column blockart-column-31c109f0\"><div class=\"blockart-column-inner\">\n<h2 class=\"blockart-heading blockart-heading-851087b5\">Vi \u00e4r tillg\u00e4ngliga<\/h2>\n\n\n\n<p class=\"blockart-paragraph blockart-paragraph-42904d24\">M\u00e5ndag- Fredag helgfria vardagar 9-16<\/p>\n<\/div><\/div>\n<\/div><\/div><\/div>\n\n\n\n<div class=\"blockart-section blockart-section-979ffdef\"><div class=\"blockart-container-fluid\"><div class=\"blockart-section-inner\">\n<div class=\"blockart-column blockart-column-e2ad5e66\"><div class=\"blockart-column-inner\">\n<h4 class=\"wp-block-heading\" id=\"ovrig-kontaktinformation\">\u00d6vrig kontaktinformation<\/h4>\n<\/div><\/div>\n<\/div><\/div><\/div>\n\n\n\n<p>Kontakt g\u00e4llande dina studier t ex resultat, uppgifter, fr\u00e5gor: yh(at)creando.se <br>Leverant\u00f6rsfakturor pdf: ekonomi(at)creando.se<br>Fakturafr\u00e5gor: ekonomi(at)creando.se<\/p>\n\n\n\n<div class=\"blockart-section blockart-section-d8bb7b25\"><div class=\"blockart-container\"><div class=\"blockart-section-inner\">\n<div class=\"blockart-column blockart-column-e70448c7\"><div class=\"blockart-column-inner\"><\/div><\/div>\n\n\n\n<div class=\"blockart-column blockart-column-716dcbed\"><div class=\"blockart-column-inner\">\n<div class=\"blockart-image blockart-image-41c122c1 \"><a href=\"https:\/\/www.facebook.com\/CreandoAB\" target=\"_blank\" rel=\"noopener\"><img decoding=\"async\" src=\"https:\/\/www.gamla.creando.se\/wp-content\/uploads\/2021\/12\/fav_icon1.png\" alt=\"\"\/><\/a><\/div>\n<\/div><\/div>\n\n\n\n<div class=\"blockart-column blockart-column-b0322e25\"><div class=\"blockart-column-inner\"><\/div><\/div>\n\n\n\n<div class=\"blockart-column blockart-column-7fe6faa4\"><div class=\"blockart-column-inner\">\n<div class=\"blockart-image blockart-image-e8b7db51 \"><a href=\"https:\/\/www.instagram.com\/creando.se\/\" target=\"_blank\" rel=\"noopener\"><img decoding=\"async\" src=\"https:\/\/www.gamla.creando.se\/wp-content\/uploads\/2022\/01\/images-e1643531377266.png\" alt=\"\"\/><\/a><\/div>\n<\/div><\/div>\n\n\n\n<div class=\"blockart-column blockart-column-3ce79db4\"><div class=\"blockart-column-inner\"><\/div><\/div>\n\n\n\n<div class=\"blockart-column blockart-column-b947f356\"><div class=\"blockart-column-inner\">\n<div class=\"blockart-image blockart-image-ef4893ac \"><a href=\"https:\/\/www.linkedin.com\/company\/10298819\" target=\"_blank\" rel=\"noopener\"><img decoding=\"async\" src=\"https:\/\/www.gamla.creando.se\/wp-content\/uploads\/2021\/12\/icon5.png\" alt=\"\"\/><\/a><\/div>\n<\/div><\/div>\n\n\n\n<div class=\"blockart-column blockart-column-ce805f44\"><div class=\"blockart-column-inner\"><\/div><\/div>\n<\/div><\/div><\/div>\n","protected":false},"excerpt":{"rendered":"<p>Kontakt g\u00e4llande dina studier t ex resultat, uppgifter, fr\u00e5gor: yh(at)creando.se Leverant\u00f6rsfakturor pdf: ekonomi(at)creando.seFakturafr\u00e5gor: ekonomi(at)creando.se<\/p>\n","protected":false},"author":1,"featured_media":0,"parent":0,"menu_order":0,"comment_status":"closed","ping_status":"closed","template":"page-templates\/pagebuilder.php","meta":{"footnotes":""},"class_list":["post-582","page","type-page","status-publish","hentry"],"aioseo_notices":[],"_links":{"self":[{"href":"https:\/\/gamla.creando.se\/index.php\/wp-json\/wp\/v2\/pages\/582","targetHints":{"allow":["GET"]}}],"collection":[{"href":"https:\/\/gamla.creando.se\/index.php\/wp-json\/wp\/v2\/pages"}],"about":[{"href":"https:\/\/gamla.creando.se\/index.php\/wp-json\/wp\/v2\/types\/page"}],"author":[{"embeddable":true,"href":"https:\/\/gamla.creando.se\/index.php\/wp-json\/wp\/v2\/users\/1"}],"replies":[{"embeddable":true,"href":"https:\/\/gamla.creando.se\/index.php\/wp-json\/wp\/v2\/comments?post=582"}],"version-history":[{"count":6,"href":"https:\/\/gamla.creando.se\/index.php\/wp-json\/wp\/v2\/pages\/582\/revisions"}],"predecessor-version":[{"id":1406,"href":"https:\/\/gamla.creando.se\/index.php\/wp-json\/wp\/v2\/pages\/582\/revisions\/1406"}],"wp:attachment":[{"href":"https:\/\/gamla.creando.se\/index.php\/wp-json\/wp\/v2\/media?parent=582"}],"curies":[{"name":"wp","href":"https:\/\/api.w.org\/{rel}","templated":true}]}}