{"id":563,"date":"2021-12-13T04:15:18","date_gmt":"2021-12-13T04:15:18","guid":{"rendered":"https:\/\/blockart-agency.sites.qsandbox.com\/?page_id=563"},"modified":"2023-12-13T08:14:37","modified_gmt":"2023-12-13T08:14:37","slug":"about","status":"publish","type":"page","link":"https:\/\/gamla.creando.se\/index.php\/about\/","title":{"rendered":"Om oss"},"content":{"rendered":"\n<p><\/p>\n\n\n<nav style=\"color: #749213; font-style:normal;font-weight:600;\" class=\"has-text-color is-responsive items-justified-center wp-block-navigation is-horizontal is-content-justification-center is-layout-flex wp-container-core-navigation-is-layout-6bd4d9d1 wp-block-navigation-is-layout-flex\" aria-label=\"Om oss\" \n\t\t data-wp-interactive=\"core\/navigation\" data-wp-context='{\"overlayOpenedBy\":{\"click\":false,\"hover\":false,\"focus\":false},\"type\":\"overlay\",\"roleAttribute\":\"\",\"ariaLabel\":\"Meny\"}'><button aria-haspopup=\"dialog\" aria-label=\"\u00d6ppna meny\" class=\"wp-block-navigation__responsive-container-open\" \n\t\t\t\tdata-wp-on--click=\"actions.openMenuOnClick\"\n\t\t\t\tdata-wp-on--keydown=\"actions.handleMenuKeydown\"\n\t\t\t><svg width=\"24\" height=\"24\" xmlns=\"http:\/\/www.w3.org\/2000\/svg\" viewBox=\"0 0 24 24\" aria-hidden=\"true\" focusable=\"false\"><path d=\"M4 7.5h16v1.5H4z\"><\/path><path d=\"M4 15h16v1.5H4z\"><\/path><\/svg><\/button>\n\t\t\t\t<div class=\"wp-block-navigation__responsive-container\"  id=\"modal-1\" \n\t\t\t\tdata-wp-class--has-modal-open=\"state.isMenuOpen\"\n\t\t\t\tdata-wp-class--is-menu-open=\"state.isMenuOpen\"\n\t\t\t\tdata-wp-watch=\"callbacks.initMenu\"\n\t\t\t\tdata-wp-on--keydown=\"actions.handleMenuKeydown\"\n\t\t\t\tdata-wp-on--focusout=\"actions.handleMenuFocusout\"\n\t\t\t\ttabindex=\"-1\"\n\t\t\t>\n\t\t\t\t\t<div class=\"wp-block-navigation__responsive-close\" tabindex=\"-1\">\n\t\t\t\t\t\t<div class=\"wp-block-navigation__responsive-dialog\" \n\t\t\t\tdata-wp-bind--aria-modal=\"state.ariaModal\"\n\t\t\t\tdata-wp-bind--aria-label=\"state.ariaLabel\"\n\t\t\t\tdata-wp-bind--role=\"state.roleAttribute\"\n\t\t\t>\n\t\t\t\t\t\t\t<button aria-label=\"St\u00e4ng meny\" class=\"wp-block-navigation__responsive-container-close\" \n\t\t\t\tdata-wp-on--click=\"actions.closeMenuOnClick\"\n\t\t\t><svg xmlns=\"http:\/\/www.w3.org\/2000\/svg\" viewBox=\"0 0 24 24\" width=\"24\" height=\"24\" aria-hidden=\"true\" focusable=\"false\"><path d=\"m13.06 12 6.47-6.47-1.06-1.06L12 10.94 5.53 4.47 4.47 5.53 10.94 12l-6.47 6.47 1.06 1.06L12 13.06l6.47 6.47 1.06-1.06L13.06 12Z\"><\/path><\/svg><\/button>\n\t\t\t\t\t\t\t<div class=\"wp-block-navigation__responsive-container-content\" \n\t\t\t\tdata-wp-watch=\"callbacks.focusFirstElement\"\n\t\t\t id=\"modal-1-content\">\n\t\t\t\t\t\t\t\t<ul style=\"color: #749213; font-style:normal;font-weight:600;\" class=\"wp-block-navigation__container has-text-color is-responsive items-justified-center wp-block-navigation\"><li class=\" wp-block-navigation-item wp-block-navigation-link\"><a class=\"wp-block-navigation-item__content\"  href=\"https:\/\/www.gamla.creando.se\/index.php\/about\/vara-kunder\/\"><span class=\"wp-block-navigation-item__label\">V\u00e5ra kunder<\/span><\/a><\/li><li class=\" wp-block-navigation-item wp-block-navigation-link\"><a class=\"wp-block-navigation-item__content\"  href=\"https:\/\/www.gamla.creando.se\/index.php\/about\/kvalitetspolicy\/\"><span class=\"wp-block-navigation-item__label\">Kvalitetspolicy<\/span><\/a><\/li><\/ul>\n\t\t\t\t\t\t\t<\/div>\n\t\t\t\t\t\t<\/div>\n\t\t\t\t\t<\/div>\n\t\t\t\t<\/div><\/nav>\n\n\n<div class=\"blockart-section blockart-section-05875b6b\"><div class=\"blockart-container\"><div class=\"blockart-section-inner\">\n<div class=\"blockart-column blockart-column-6186bd46\"><div class=\"blockart-column-inner\">\n<figure class=\"wp-block-image size-full is-style-rounded\"><img loading=\"lazy\" decoding=\"async\" width=\"831\" height=\"748\" src=\"https:\/\/www.gamla.creando.se\/wp-content\/uploads\/2022\/01\/Logotype_Creando.jpg\" alt=\"\" class=\"wp-image-1098\" srcset=\"https:\/\/gamla.creando.se\/wp-content\/uploads\/2022\/01\/Logotype_Creando.jpg 831w, https:\/\/gamla.creando.se\/wp-content\/uploads\/2022\/01\/Logotype_Creando-300x270.jpg 300w, https:\/\/gamla.creando.se\/wp-content\/uploads\/2022\/01\/Logotype_Creando-768x691.jpg 768w\" sizes=\"auto, (max-width: 831px) 100vw, 831px\" \/><\/figure>\n<\/div><\/div>\n\n\n\n<div class=\"blockart-column blockart-column-8dfdd3dd\"><div class=\"blockart-column-inner\">\n<h2 class=\"blockart-heading blockart-heading-248d44f0\">Det lilla utbildningsf\u00f6retaget<\/h2>\n\n\n\n<p class=\"blockart-paragraph blockart-paragraph-5ddea1cc\">Sedan starten 2007 har\u00a0vi<strong>\u00a0<\/strong>h\u00e5llit fast vid v\u00e5r id\u00e9 att leverera bra utbildningar till industrin, p\u00e5 industrins villkor och utifr\u00e5n industrins behov.  Utbildningen ska\u00a0vara relevant, effektiv och av\u00a0h\u00f6g\u00a0kvalitet.\u00a0\u00a0<\/p>\n\n\n\n<p class=\"blockart-paragraph blockart-paragraph-dac452d1\">Drivkraften hos\u00a0v\u00e5ra\u00a0medarbetare \u00e4r viljan att utveckla och skapa utbildningsmaterial, organisera utbildningar och hj\u00e4lpa studerande och kursdeltagare till nya insikter, f\u00e4rdigheter och kunskaper. F\u00f6rst\u00e5else och insikter skapar ocks\u00e5 f\u00f6ruts\u00e4ttningar f\u00f6r \u00f6kad trivsel och st\u00f6rre engagemang i arbetet<strong>.\u00a0<\/strong>Det\u00a0tj\u00e4nar alla p\u00e5.\u00a0\u00a0\u00a0\u00a0<\/p>\n\n\n\n\n\n<p><\/p>\n\n\n\n<p>V\u00e4lkommen till Creando!&nbsp;<\/p>\n<\/div><\/div>\n<\/div><\/div><\/div>\n\n\n\n<div class=\"blockart-section blockart-section-222cbd50\"><div class=\"blockart-container\"><div class=\"blockart-section-inner\">\n<div class=\"blockart-column blockart-column-f746a04b\"><div class=\"blockart-column-inner\">\n<figure class=\"wp-block-image aligncenter size-full is-resized is-style-rounded\"><img loading=\"lazy\" decoding=\"async\" width=\"254\" height=\"254\" src=\"https:\/\/www.gamla.creando.se\/wp-content\/uploads\/2023\/03\/maria-1-edited-2.png\" alt=\"\" class=\"wp-image-2246\" style=\"width:300px;height:undefinedpx\" srcset=\"https:\/\/gamla.creando.se\/wp-content\/uploads\/2023\/03\/maria-1-edited-2.png 254w, https:\/\/gamla.creando.se\/wp-content\/uploads\/2023\/03\/maria-1-edited-2-150x150.png 150w\" sizes=\"auto, (max-width: 254px) 100vw, 254px\" \/><figcaption class=\"wp-element-caption\">Maria<\/figcaption><\/figure>\n\n\n\n<div class=\"wp-block-column is-vertically-aligned-top is-layout-flow wp-block-column-is-layout-flow\" style=\"flex-basis:100%\">\n<p class=\"has-text-align-left has-small-font-size\"><strong>Maria Kal\u00e9n<\/strong> \u00e4r v\u00e5r verksamhetschef och den som h\u00e5ller ordning p\u00e5 alla uppdrag. Hon har m\u00e5nga \u00e5rs uppskattad erfarenhet fr\u00e5n utbildningsv\u00e4rlden och Yrkesh\u00f6gskolan och \u00e4r ocks\u00e5 engagerad i Yrkesh\u00f6gskolef\u00f6rbundet. En ocean av kunskap finns att \u00f6sa ur inom m\u00e5nga omr\u00e5den och hon finns geografiskt i H\u00e4rn\u00f6sand. Golf och barnbarn h\u00e5ller henne alert.<\/p>\n\n\n\n<p class=\"has-small-font-size\">mail: maria(at)creando.se<br>telefon: 072-092 02 31<\/p>\n<\/div>\n<\/div><\/div>\n\n\n\n<div class=\"blockart-column blockart-column-b63e03e6\"><div class=\"blockart-column-inner\">\n<figure class=\"wp-block-image aligncenter size-full is-resized is-style-rounded\"><img loading=\"lazy\" decoding=\"async\" width=\"200\" height=\"200\" src=\"https:\/\/www.gamla.creando.se\/wp-content\/uploads\/2023\/03\/bosse-edited-1.png\" alt=\"\" class=\"wp-image-2243\" style=\"width:300px;height:undefinedpx\" srcset=\"https:\/\/gamla.creando.se\/wp-content\/uploads\/2023\/03\/bosse-edited-1.png 200w, https:\/\/gamla.creando.se\/wp-content\/uploads\/2023\/03\/bosse-edited-1-150x150.png 150w\" sizes=\"auto, (max-width: 200px) 100vw, 200px\" \/><figcaption class=\"wp-element-caption\">Bosse<\/figcaption><\/figure>\n\n\n\n<p class=\"has-small-font-size\"><strong>Bosse Smeder<\/strong> \u00e4r \u00e4gare och grundare av Creando. Han har m\u00e5nga \u00e5rs erfarenhet av att utbilda inom industrin och har samlat p\u00e5 sig ett digert lager av f\u00f6rfattad kurslitteratur. Det \u00e4r Bosse som ligger bakom m\u00e5nga av de genialiska metoder vi anv\u00e4nder b\u00e5de inom yrkesh\u00f6gskolan och inom \u00f6vriga uppdrag inom industrin. Bosse bor i V\u00e4ster\u00e5s men har sina r\u00f6tter i H\u00e4lsingland. P\u00e5 trivsellistan st\u00e5r matlagning och han st\u00e5r g\u00e4rna med n\u00e4san \u00f6ver grytorna.<\/p>\n\n\n\n<p class=\"has-small-font-size\">mail: bo(at)creando.se<br>telefon: 070-662 93 82  <\/p>\n<\/div><\/div>\n\n\n\n<div class=\"blockart-column blockart-column-13a656e3\"><div class=\"blockart-column-inner\">\n<figure class=\"wp-block-image aligncenter size-full is-resized has-custom-border is-style-rounded\"><img loading=\"lazy\" decoding=\"async\" width=\"261\" height=\"261\" src=\"https:\/\/www.gamla.creando.se\/wp-content\/uploads\/2023\/03\/tomas-1-edited-1.png\" alt=\"\" class=\"wp-image-2247\" style=\"border-style:none;border-width:0px;width:280px\" srcset=\"https:\/\/gamla.creando.se\/wp-content\/uploads\/2023\/03\/tomas-1-edited-1.png 261w, https:\/\/gamla.creando.se\/wp-content\/uploads\/2023\/03\/tomas-1-edited-1-150x150.png 150w\" sizes=\"auto, (max-width: 261px) 100vw, 261px\" \/><figcaption class=\"wp-element-caption\">Tomas<\/figcaption><\/figure>\n\n\n\n<p class=\"has-small-font-size\"><strong>Tomas Nordlund<\/strong> \u00e4r inte bara utbildningsledare och LIA-ansvarig utan ocks\u00e5 v\u00e5r sociala beg\u00e5vning. Det \u00e4r till honom alla studerande ringer som beh\u00f6ver prata om b\u00e5de utbildningen och det privata livspusslet. Tomas \u00e4r den som i f\u00f6rsta hand har kontakt med v\u00e5ra medverkande f\u00f6retag och som \u00e5ker runt och bes\u00f6ker studerande under LIA. Tomas \u00e4r ytterligare en medarbetare i H\u00e4rn\u00f6sand som vi kan hitta p\u00e5 golfbanan eller tillsammans med barnbarnet.  <\/p>\n\n\n\n<p class=\"has-small-font-size\">mail: tomas(at)creando.se<br>telefon: 076-677 19 41<\/p>\n<\/div><\/div>\n\n\n\n<div class=\"blockart-column blockart-column-4198c18a\"><div class=\"blockart-column-inner\">\n<figure class=\"wp-block-image aligncenter size-full is-resized has-custom-border is-style-rounded\"><img loading=\"lazy\" decoding=\"async\" width=\"240\" height=\"240\" src=\"https:\/\/www.gamla.creando.se\/wp-content\/uploads\/2023\/03\/Bild-hemsida_Malin-edited-1.jpg\" alt=\"\" class=\"wp-image-2245\" style=\"border-style:none;border-width:0px;width:300px\" srcset=\"https:\/\/gamla.creando.se\/wp-content\/uploads\/2023\/03\/Bild-hemsida_Malin-edited-1.jpg 240w, https:\/\/gamla.creando.se\/wp-content\/uploads\/2023\/03\/Bild-hemsida_Malin-edited-1-150x150.jpg 150w\" sizes=\"auto, (max-width: 240px) 100vw, 240px\" \/><figcaption class=\"wp-element-caption\">Malin<\/figcaption><\/figure>\n\n\n\n<p class=\"has-text-align-left has-small-font-size\"><strong>Malin B\u00e4ckstr\u00f6m<\/strong> \u00e4r utbildare och den som har erfarenhet fr\u00e5n processindustrin d\u00e4r hon arbetat i flera \u00e5r. Malin \u00e4r den som kan dela med sig till v\u00e5ra studerande om hur teorin fungerar i praktiken. Hon \u00e4r den som st\u00e5r f\u00f6r s\u00e5ng och musik hos oss i personalen. Malin kan ta sig fram b\u00e5de p\u00e5 motorcykel och sn\u00f6skoter och kan tillreda goda middagar p\u00e5 egenf\u00e5ngad fisk.<\/p>\n\n\n\n<p class=\"has-small-font-size\">mail: malin(at)creando.se<br>telefon: 070-640 69 61<\/p>\n<\/div><\/div>\n\n\n\n<div class=\"blockart-column blockart-column-7ac7c44f\"><div class=\"blockart-column-inner\">\n<figure class=\"wp-block-image aligncenter size-full is-resized is-style-rounded\"><img loading=\"lazy\" decoding=\"async\" width=\"2310\" height=\"2310\" src=\"https:\/\/www.gamla.creando.se\/wp-content\/uploads\/2023\/12\/Catrin.png\" alt=\"\" class=\"wp-image-2415\" style=\"width:280px;height:auto\" srcset=\"https:\/\/gamla.creando.se\/wp-content\/uploads\/2023\/12\/Catrin.png 2310w, https:\/\/gamla.creando.se\/wp-content\/uploads\/2023\/12\/Catrin-300x300.png 300w, https:\/\/gamla.creando.se\/wp-content\/uploads\/2023\/12\/Catrin-1024x1024.png 1024w, https:\/\/gamla.creando.se\/wp-content\/uploads\/2023\/12\/Catrin-150x150.png 150w, https:\/\/gamla.creando.se\/wp-content\/uploads\/2023\/12\/Catrin-768x768.png 768w, https:\/\/gamla.creando.se\/wp-content\/uploads\/2023\/12\/Catrin-1536x1536.png 1536w, https:\/\/gamla.creando.se\/wp-content\/uploads\/2023\/12\/Catrin-2048x2048.png 2048w\" sizes=\"auto, (max-width: 2310px) 100vw, 2310px\" \/><figcaption class=\"wp-element-caption\">Catrin<\/figcaption><\/figure>\n\n\n\n<p class=\"has-text-align-left has-small-font-size\"><strong>Catrin Ax\u00e9n<\/strong> arbetar som projektledare och utbildare mot v\u00e5ra f\u00f6retagskunder. Hon har m\u00e5ng\u00e5rig erfarenhet ifr\u00e5n pappersindustrin, som processingenj\u00f6r men \u00e4ven andra tj\u00e4nster d\u00e4r hon jobbat med bland annat de mjuka fr\u00e5gorna. Med sin positiva energi hj\u00e4lper hon g\u00e4rna till att hitta l\u00f6sningar f\u00f6r just ert f\u00f6retag. Sin fritid tillbringar hon g\u00e4rna med familjen d\u00e4r hennes tv\u00e5 d\u00f6ttrar st\u00e5r i fokus. Catrin \u00e4lskar ocks\u00e5 att jobba med sina h\u00e4nder och f\u00e5 vara kreativ med tillexempel virkning och hobbyodling.<\/p>\n\n\n\n<p class=\"has-small-font-size\">mail: catrin(at)creando.se<br>telefon: 072-092 02 37<\/p>\n<\/div><\/div>\n\n\n\n<div class=\"blockart-column blockart-column-b6ba4003\"><div class=\"blockart-column-inner\">\n<figure class=\"wp-block-image aligncenter size-full is-resized is-style-rounded\"><img loading=\"lazy\" decoding=\"async\" width=\"2316\" height=\"2316\" src=\"https:\/\/www.gamla.creando.se\/wp-content\/uploads\/2023\/12\/Jennie2.jpg\" alt=\"\" class=\"wp-image-2416\" style=\"width:278px;height:auto\" srcset=\"https:\/\/gamla.creando.se\/wp-content\/uploads\/2023\/12\/Jennie2.jpg 2316w, https:\/\/gamla.creando.se\/wp-content\/uploads\/2023\/12\/Jennie2-300x300.jpg 300w, https:\/\/gamla.creando.se\/wp-content\/uploads\/2023\/12\/Jennie2-1024x1024.jpg 1024w, https:\/\/gamla.creando.se\/wp-content\/uploads\/2023\/12\/Jennie2-150x150.jpg 150w, https:\/\/gamla.creando.se\/wp-content\/uploads\/2023\/12\/Jennie2-768x768.jpg 768w, https:\/\/gamla.creando.se\/wp-content\/uploads\/2023\/12\/Jennie2-1536x1536.jpg 1536w, https:\/\/gamla.creando.se\/wp-content\/uploads\/2023\/12\/Jennie2-2048x2048.jpg 2048w\" sizes=\"auto, (max-width: 2316px) 100vw, 2316px\" \/><figcaption class=\"wp-element-caption\">Jennie<\/figcaption><\/figure>\n\n\n\n<p class=\"has-text-align-left has-small-font-size\"><strong>Jennie Hedqvist<\/strong> \u00e4r marknadsf\u00f6rare p\u00e5 Creando. Innan hon kom till oss har hon arbetat flera \u00e5r inom industrin med b\u00e5de fj\u00e4rrv\u00e4rme och produktion inom pappers- och massa. Jennie f\u00e5r oss att synas ut\u00e5t och sk\u00f6ter bland annat om v\u00e5ra sociala medier, hemsidan och annonsering. Hon bor med sin familj i Hudiksvall i H\u00e4lsingland. P\u00e5 fritiden \u00e4r hon g\u00e4rna ute i skog och mark f\u00f6r att plocka svamp, vandra, campa eller bara ladda batterierna vid en stilla skogstj\u00e4rn.<\/p>\n\n\n\n<p class=\"has-small-font-size\">mail: jennie(at)creando.se<br>telefon: 072-092 02 33<\/p>\n<\/div><\/div>\n<\/div><\/div><\/div>\n\n\n\n<p><\/p>\n\n\n\n<div class=\"blockart-section blockart-section-c6ea6a51\"><div class=\"blockart-container\"><div class=\"blockart-section-inner\">\n<div class=\"blockart-column blockart-column-d3e8fb46\"><div class=\"blockart-column-inner\">\n<h3 class=\"blockart-heading blockart-heading-aa9f2df7\">Verksamhet ur medarbetarperspektiv<\/h3>\n\n\n\n<p class=\"blockart-paragraph blockart-paragraph-4bbf359f\">V\u00e5r verksamhet best\u00e5r av dels leveranser till v\u00e5ra kunder inom industrin med fokus p\u00e5 kompetensf\u00f6rs\u00f6rjning och anpassad utbildning, dels service och undervisning till de studerande i yrkesh\u00f6gskoleutbildningen. Vi har v\u00e5rt hj\u00e4rta i individers och organisationers tillv\u00e4xt  d\u00e4r vi \u00e4r flexibla och anpassar oss till de olika f\u00f6ruts\u00e4ttningarna som presenteras. Vi \u00e4r snabba och beslut fattas ofta direkt i personalgruppen. Vi \u00e4r informella och arbetar med flera saker samtidigt och tycker oss ha hittat modellen f\u00f6r att f\u00e5 en distansorganisation att fungera. Det finns gott om variation i arbetsuppgifter och vi arbetar alltid med ett fokus p\u00e5 f\u00f6rb\u00e4ttringsarbete. <\/p>\n\n\n\n<p class=\"blockart-paragraph blockart-paragraph-02fe03d2\"><br>Vi efterstr\u00e4var en j\u00e4mn k\u00f6nsf\u00f6rdelning och uppn\u00e5r oftast det i v\u00e5r yrkesh\u00f6gskoleutbildning och ser det som sj\u00e4lvklart att balanserat blir b\u00e4st.  Representation av j\u00e4mn k\u00f6nsf\u00f6rdelning \u00e4r ocks\u00e5 ett m\u00e5l f\u00f6r ledningen s\u00e5v\u00e4l som hos undervisande personal.  <\/p>\n\n\n\n<h3 class=\"blockart-heading blockart-heading-cc59b93e\"><strong>Geografiskt omr\u00e5de<\/strong><\/h3>\n\n\n\n<p class=\"blockart-paragraph blockart-paragraph-88f23cde\">Vi har hela Sverige som arbetsplats, fr\u00e5n norr till s\u00f6der.  V\u00e5ra samlingsorter f\u00f6r yrkesh\u00f6gskolan finns p\u00e5 flera orter, se ans\u00f6kan. Som medarbetare i Creando kan man bo i stort sett vartsomhelst i Sverige. <\/p>\n<\/div><\/div>\n\n\n\n<div class=\"blockart-column blockart-column-7251f4d6\"><div class=\"blockart-column-inner\">\n<h3 class=\"blockart-heading blockart-heading-bf956345\">Arbeta hos oss<\/h3>\n\n\n\n<p class=\"blockart-paragraph blockart-paragraph-2de3862c\">F\u00f6r att vara medarbetare och trivas med v\u00e5r distansmilj\u00f6 kr\u00e4vs ett stort m\u00e5tt av initiativtagande och sj\u00e4lvst\u00e4ndighet. Det kan m\u00e5nga g\u00e5nger vara utmanande att arbeta med kollegorna utom r\u00e4ckh\u00e5ll. Vi har dock bra tekniska l\u00f6sningar som g\u00f6r att vi arbetar mycket i team och just teamutvecklingen \u00e4r st\u00e4ndigt i fokus hos oss. Vi \u00e4r en liten organisation med korta beslutsv\u00e4gar och en mycket vig verksamhet. Det \u00e4r f\u00f6rdelar n\u00e4r det kommer till snabba f\u00f6r\u00e4ndringar men ibland jobbigt om en \u00e4r van stordrift och st\u00f6rre organisationer. <br><br>F\u00f6r att trivas riktigt bra hos oss beh\u00f6ver man kunna hantera m\u00e5nga olika typer av m\u00e4nniskor och perspektiv. Det \u00e4r ocks\u00e5 viktigt att kunna hantera flera parallella produktionsprocesser samt kunna planera, prioritera och st\u00e4mma av sitt eget arbete enligt givna rutiner. Det kr\u00e4vs ocks\u00e5 f\u00f6rm\u00e5ga till en form av &#8221;v\u00e4xling&#8221; mellan \u00f6vergripande vyer och detaljarbete. Att vara datatekniskt lagd och kunna f\u00f6rst\u00e5 tekniska l\u00f6sningar samt hantera office-programmen \u00e4r en stor f\u00f6rdel. <\/p>\n\n\n<\/div><\/div>\n<\/div><\/div><\/div>\n\n\n\n<div class=\"blockart-section blockart-section-9ade65a0\"><div class=\"blockart-container\"><div class=\"blockart-section-inner\">\n<div class=\"blockart-column blockart-column-9cd1395d\"><div class=\"blockart-column-inner\">\n<h3 class=\"blockart-heading blockart-heading-3c58fe65\">Arbetsmilj\u00f6 och personalv\u00e5rd<\/h3>\n\n\n\n<p class=\"blockart-paragraph blockart-paragraph-a29c7121\">Vi \u00e4r ett auktoriserat utbildningsf\u00f6retag och arbetar i enlighet med ISO 9001:2015. Naturligtvis ing\u00e5r ett systematiskt arbetsmilj\u00f6arbete det interna kvalitetsarbetet. Tonvikt avseende arbetsmilj\u00f6risker och det vi s\u00e4rskilt unders\u00f6ker \u00e4r de som \u00e4r f\u00f6renade med utbildning och distansarbete, dvs belastningsrelaterad oh\u00e4lsa. Vi har en \u00f6vergripande solidarisk syn p\u00e5 l\u00f6neutveckling och incitamentssystem d\u00e4r individuell l\u00f6neutveckling \u00e4r avtalsenlig och fokus ist\u00e4llet f\u00f6rl\u00e4ggs till att skapa tillsammans. Det vi alla genererar i form av resultat ska ocks\u00e5 komma personalen till del, \u00e4r den devis vi verkar efter.  <br><\/p>\n\n\n\n<p class=\"blockart-paragraph blockart-paragraph-84d71559\">I f\u00f6retaget sker medarbetarsamtal \u00e5rligen med kompetensutvecklingsplanering och m\u00e5lhantering. I medarbetarsamtalen sker ocks\u00e5 individuella belastningsbed\u00f6mningar. Vi har ocks\u00e5 en friskv\u00e5rdspolicy och ser givetvis positivt p\u00e5 motion och r\u00f6relse. <\/p>\n<\/div><\/div>\n<\/div><\/div><\/div>\n","protected":false},"excerpt":{"rendered":"","protected":false},"author":1,"featured_media":0,"parent":0,"menu_order":0,"comment_status":"closed","ping_status":"closed","template":"page-templates\/pagebuilder.php","meta":{"footnotes":""},"class_list":["post-563","page","type-page","status-publish","hentry"],"aioseo_notices":[],"_links":{"self":[{"href":"https:\/\/gamla.creando.se\/index.php\/wp-json\/wp\/v2\/pages\/563","targetHints":{"allow":["GET"]}}],"collection":[{"href":"https:\/\/gamla.creando.se\/index.php\/wp-json\/wp\/v2\/pages"}],"about":[{"href":"https:\/\/gamla.creando.se\/index.php\/wp-json\/wp\/v2\/types\/page"}],"author":[{"embeddable":true,"href":"https:\/\/gamla.creando.se\/index.php\/wp-json\/wp\/v2\/users\/1"}],"replies":[{"embeddable":true,"href":"https:\/\/gamla.creando.se\/index.php\/wp-json\/wp\/v2\/comments?post=563"}],"version-history":[{"count":63,"href":"https:\/\/gamla.creando.se\/index.php\/wp-json\/wp\/v2\/pages\/563\/revisions"}],"predecessor-version":[{"id":2427,"href":"https:\/\/gamla.creando.se\/index.php\/wp-json\/wp\/v2\/pages\/563\/revisions\/2427"}],"wp:attachment":[{"href":"https:\/\/gamla.creando.se\/index.php\/wp-json\/wp\/v2\/media?parent=563"}],"curies":[{"name":"wp","href":"https:\/\/api.w.org\/{rel}","templated":true}]}}