{"id":2023,"date":"2022-11-09T07:59:30","date_gmt":"2022-11-09T07:59:30","guid":{"rendered":"https:\/\/www.creando.se\/?page_id=2023"},"modified":"2022-11-09T07:59:31","modified_gmt":"2022-11-09T07:59:31","slug":"gdpr","status":"publish","type":"page","link":"https:\/\/gamla.creando.se\/index.php\/gdpr\/","title":{"rendered":"GDPR"},"content":{"rendered":"\n<p>Creando AB respekterar din integritet och r\u00e4tten att ha kontroll \u00f6ver dina personuppgifter.&nbsp;&nbsp;<\/p>\n\n\n\n<p>I v\u00e5r policy f\u00f6r personuppgifter beskrivs vilka uppgifter vi samlar in, i vilket syfte de samlas in, p\u00e5 vilket s\u00e4tt du kan ha kontroll \u00f6ver dina egna uppgifter samt hur du kan kontakta oss. Denna personuppgiftspolicy g\u00e4ller n\u00e4r du anv\u00e4nder webbsidor och tj\u00e4nster som ing\u00e5r under en webbplats som administreras av Creando AB.&nbsp;<\/p>\n\n\n\n<p>Creando AB \u00e4r personuppgiftsansvarig i enlighet med dessa villkor och ansvarar f\u00f6r att behandling sker enligt g\u00e4llande lagstiftning.&nbsp;<\/p>\n\n\n\n<hr class=\"wp-block-separator has-alpha-channel-opacity is-style-wide\"\/>\n\n\n\n<p><strong>Personuppgifter vi samlar in\u00a0<\/strong><\/p>\n\n\n\n<p>Creando AB inh\u00e4mtar uppgifterna i f\u00f6rsta hand direkt fr\u00e5n dig som kund. Exempel p\u00e5 personuppgifter vi samlar in \u00e4r ditt namn, kontaktuppgifter till dig s\u00e5 som mobiltelefonnummer, e-postadress eller fysisk adress. Vi kan komma att uppdatera dina uppgifter fr\u00e5n andra offentliga register, t ex BisNode, om det \u00e4r n\u00f6dv\u00e4ndigt f\u00f6r att uppr\u00e4tth\u00e5lla god registerv\u00e5rd.&nbsp;<\/p>\n\n\n\n<p>Creando AB registrerar personuppgifter i samband med:&nbsp;<\/p>\n\n\n\n<ul class=\"wp-block-list\">\n<li>N\u00e4r du anm\u00e4ler dig till en tj\u00e4nst som erbjuds via de olika tj\u00e4nster som Creando AB erbjuder, t ex prenumeration p\u00e5 nyhetsbrev eller anm\u00e4lan till utbildningar.&nbsp;<\/li>\n\n\n\n<li>N\u00e4r du fyller i din e-postadress eller ditt mobiltelefonnummer p\u00e5 webbplatsen.&nbsp;<\/li>\n\n\n\n<li>Om du kontaktar oss via e-post, via telefon, v\u00e5ra webbplatser och sociala medier.&nbsp;<\/li>\n\n\n\n<li>Ditt bes\u00f6k p\u00e5 v\u00e5ra webbplatser, inklusive men inte begr\u00e4nsat till trafikdata, platsdata, webbloggar och annan kommunikationsdata samt t.ex. den IP-adress, typ av enhet, operativsystem och webbl\u00e4sartyp som anv\u00e4nds f\u00f6r bes\u00f6ket.&nbsp;<\/li>\n<\/ul>\n\n\n\n<hr class=\"wp-block-separator has-alpha-channel-opacity is-style-wide\"\/>\n\n\n\n<p><strong>Insamling med samtycke\u00a0<\/strong><\/p>\n\n\n\n<p>N\u00e4r du godk\u00e4nner att vi lagrar dina personuppgifter, samtycker du till att personuppgifter, som ditt namn, telefonnummer och e-postadress, lagras f\u00f6r att anv\u00e4ndas enligt punkterna nedan (under &#8221;Hur vi anv\u00e4nder insamlad information&#8221;).\u00a0<\/p>\n\n\n\n<hr class=\"wp-block-separator has-alpha-channel-opacity is-style-wide\"\/>\n\n\n\n<p><strong>Hur vi anv\u00e4nder insamlad information\u00a0<\/strong><\/p>\n\n\n\n<p>Creando AB behandlar personuppgifter i huvudsak f\u00f6r de \u00e4ndam\u00e5l som anges nedan samt f\u00f6r de eventuella ytterligare \u00e4ndam\u00e5l som anges vid insamlingstidpunkten:&nbsp;<\/p>\n\n\n\n<ul class=\"wp-block-list\">\n<li>F\u00f6r att fullg\u00f6ra best\u00e4llningar av tj\u00e4nster via en av de plattformar som erbjuds av Creando AB&nbsp;<\/li>\n\n\n\n<li>M\u00f6jligg\u00f6ra god kundservice, som att hantera dina f\u00f6rfr\u00e5gningar, r\u00e4tta felaktiga uppgifter eller skicka information som du har beg\u00e4rt t.ex. nyhetsbrev&nbsp;<\/li>\n\n\n\n<li>F\u00f6r att kunna administrera kundprofiler, genomf\u00f6ra analyser samt marknadsunders\u00f6kningar&nbsp;<\/li>\n\n\n\n<li>F\u00f6r systemadministration och f\u00f6r att ta fram statistiska data om v\u00e5ra anv\u00e4ndares beteende och m\u00f6nster. Detta identifierar dock ingen enskild person utan sker p\u00e5 aggregerad niv\u00e5&nbsp;<\/li>\n\n\n\n<li>F\u00f6r att genom analys av bes\u00f6kares beteende (p\u00e5 \u00f6vergripande niv\u00e5) p\u00e5 v\u00e5ra webbplatser, leverera och f\u00f6rb\u00e4ttra v\u00e5ra produkter och tj\u00e4nster.&nbsp;<\/li>\n<\/ul>\n\n\n\n<ul class=\"wp-block-list\">\n<li>F\u00f6r att kontakta dig via SMS, e-post eller post med information och marknadsf\u00f6ring som vi tror kan vara av intresse f\u00f6r dig, observera att du n\u00e4r som helst kan tacka nej till detta&nbsp;<\/li>\n\n\n\n<li>F\u00f6r att hj\u00e4lpa oss att utveckla v\u00e5r webbplats att vara mer anv\u00e4ndbara och f\u00f6r att f\u00f6rb\u00e4ttra din anv\u00e4ndarupplevelse av de plattformar som erbjuds via Creando AB genom att kunna anpassa visningen av tj\u00e4nsterna till den enhet som anv\u00e4nds&nbsp;<\/li>\n\n\n\n<li>F\u00f6r att skicka viktiga meddelanden som kommunikation om f\u00f6r\u00e4ndringar i v\u00e5ra villkor och policyer&nbsp;<\/li>\n<\/ul>\n\n\n\n<hr class=\"wp-block-separator has-alpha-channel-opacity is-style-wide\"\/>\n\n\n\n<p><strong>Information som kan l\u00e4mnas ut\u00a0<\/strong><\/p>\n\n\n\n<p>Vi kan dela med oss av information till andra f\u00f6retag som behandlar data p\u00e5 v\u00e5ra v\u00e4gnar f\u00f6r att vi ska kunna utf\u00f6ra v\u00e5ra tj\u00e4nster, t.ex. analys, distribution eller andra tj\u00e4nster f\u00f6r att uppr\u00e4tth\u00e5lla och till\u00e4mpa v\u00e5ra anv\u00e4ndarvillkor och leveransvillkor. Vid all hantering av personuppgifter iakttas dock alltid h\u00f6g s\u00e4kerhet och sekretess.&nbsp;<\/p>\n\n\n\n<p>Creando AB samarbetar endast med partners som behandlar personuppgifter inom EU\/EES eller med f\u00f6retag som uppr\u00e4tth\u00e5ller samma skyddsniv\u00e5 som inom EU\/EES genom att t.ex. ha anslutit sig till den s.k. Privacy Shield \u00f6verenskommelsen mellan EU och USA.&nbsp;<\/p>\n\n\n\n<p>Det finns bitr\u00e4desavtal uppr\u00e4ttade mellan Creando AB och alla v\u00e5ra samarbetspartners vad g\u00e4ller personuppgifter.&nbsp;<\/p>\n\n\n\n<hr class=\"wp-block-separator has-alpha-channel-opacity is-style-wide\"\/>\n\n\n\n<p><strong>R\u00e4ttslig grund, lagring och gallring av personuppgifter\u00a0<\/strong><\/p>\n\n\n\n<p>I och med att du l\u00e4mnar uppgifter till Creando AB ger du din till\u00e5telse till att Creando AB registrerar och lagrar uppgifter om vilken tj\u00e4nst k\u00f6pt samt behandlar de angivna personuppgifterna f\u00f6r angivna \u00e4ndam\u00e5l. Som legal grund f\u00f6r behandling h\u00e4nvisar Creando AB fr\u00e4mst till uppfyllande av avtal, r\u00e4ttslig f\u00f6rpliktelse (t ex bokf\u00f6ringslagen), intresseavv\u00e4gning eller samtycke.&nbsp;<\/p>\n\n\n\n<p>Om Creando AB anv\u00e4nder sig av intresseavv\u00e4gning som grund, kommer det endast att g\u00f6ras i de syften som angetts ovan. Observera att du n\u00e4rsomhelst kan \u00e5terkalla ditt samtycke genom att kontakta oss, f\u00f6r kontaktuppgifter se \u201dS\u00e5 h\u00e4r kontaktar du oss\u201d h\u00e4r nedan.&nbsp;<\/p>\n\n\n\n<p>Behandlingen sker enligt g\u00e4llande lagstiftning och inneb\u00e4r att personuppgifter inte bevaras under en l\u00e4ngre tid \u00e4n vad som \u00e4r n\u00f6dv\u00e4ndigt med h\u00e4nsyn till \u00e4ndam\u00e5len med behandlingen. Creando AB kommer att lagra dina personuppgifter s\u00e5 l\u00e4nge du \u00e4r kund hos oss. I marknadsf\u00f6ringssyfte anv\u00e4nds inte information som \u00e4r \u00e4ldre \u00e4n 3 (tre) \u00e5r.&nbsp;<\/p>\n\n\n\n<p>Detta inneb\u00e4r rent praktiskt att uppgifter gallras ut d\u00e5 de inte l\u00e4ngre \u00e4r aktuella eller n\u00f6dv\u00e4ndiga f\u00f6r analyser eller direktmarknadsf\u00f6ring f\u00f6r de \u00e4ndam\u00e5l som de har samlats in f\u00f6r. Viss information kan beh\u00e5llas l\u00e4ngre d\u00e5 det kr\u00e4vs s\u00e5 pga. andra lagkrav, som exempelvis bokf\u00f6ringslagen. Vid all hantering av personuppgifter iakttas dock alltid h\u00f6g s\u00e4kerhet och sekretess.&nbsp;<\/p>\n\n\n\n<hr class=\"wp-block-separator has-alpha-channel-opacity is-style-wide\"\/>\n\n\n\n<p><strong>Dina r\u00e4ttigheter och val\u00a0<\/strong><\/p>\n\n\n\n<p>Du har r\u00e4ttigheter n\u00e4r det g\u00e4ller dina personuppgifter och du har m\u00f6jlighet att p\u00e5verka din information och vad som sparas. Creando AB kommer p\u00e5 eget eller kundens initiativ att r\u00e4tta uppgifter som uppt\u00e4cks vara felaktiga.&nbsp;<\/p>\n\n\n\n<p>Du kan \u00e4ven n\u00e4rsomhelst kr\u00e4va att dina uppgifter raderas eller att dess anv\u00e4ndning begr\u00e4nsas ytterligare genom att kontakta oss (se \u201dS\u00e5 h\u00e4r kontaktar du oss\u201d h\u00e4r nedan).&nbsp;<\/p>\n\n\n\n<p>Om du anser att dina r\u00e4ttigheter inte respekteras av oss f\u00e5r du g\u00e4rna kontakta oss. Du kan ocks\u00e5 h\u00f6ra av dig till Datainspektionen (<a href=\"mailto:datainspektionen@datainspektionen.se\" target=\"_blank\" rel=\"noreferrer noopener\">datainspektionen@datainspektionen.se<\/a>).&nbsp;<\/p>\n\n\n\n<p>Du kan n\u00e4r som helst avst\u00e5 fr\u00e5n att ta emot marknadsf\u00f6ringskommunikation fr\u00e5n oss genom att klicka p\u00e5 \u201davsluta prenumeration\u201d i e-post och SMS kommunikation som vi skickar dig. Du \u00e4r alltid v\u00e4lkommen att kontakta v\u00e5r kundtj\u00e4nst f\u00f6r att f\u00e5 hj\u00e4lp att tacka nej till v\u00e5r kommunikation.\u202f&nbsp;<\/p>\n\n\n\n<p>Du kan \u00e4ven, en g\u00e5ng per \u00e5r (kostnadsfritt), erh\u00e5lla information om vilka personuppgifter som \u00e4r registrerade, genom att skriftligt beg\u00e4ra ett s.k. registerutdrag. F\u00f6r kontaktuppgifter, se \u201dS\u00e5 h\u00e4r kontaktar du oss\u201d h\u00e4r nedan.&nbsp;<\/p>\n\n\n\n<hr class=\"wp-block-separator has-alpha-channel-opacity is-style-wide\"\/>\n\n\n\n<p><strong>L\u00e4nkar till andra webbplatser\u00a0<\/strong><\/p>\n\n\n\n<p>I h\u00e4ndelse av att v\u00e5r webbplats inneh\u00e5ller l\u00e4nkar till tredje parts webbplatser, hemsidor, eller material publicerat hos tredje part, \u00e4r dessa l\u00e4nkar endast f\u00f6r informationssyfte. Eftersom vi saknar kontroll \u00f6ver inneh\u00e5llet p\u00e5 dessa webbplatser eller dess material ansvarar vi d\u00e4rf\u00f6r inte f\u00f6r dess inneh\u00e5ll. Creando AB ansvarar inte heller f\u00f6r skador eller f\u00f6rluster som skulle kunna uppst\u00e5 vid anv\u00e4ndning av dessa l\u00e4nkar.&nbsp;<\/p>\n\n\n\n<hr class=\"wp-block-separator has-alpha-channel-opacity is-style-wide\"\/>\n\n\n\n<p><strong>S\u00e5 h\u00e4r kontaktar du oss\u00a0<\/strong><\/p>\n\n\n\n<p>F\u00f6r ytterligare information om personuppgiftshantering eller om du har fr\u00e5gor, \u00e4r du v\u00e4lkommen att kontakta oss via info@creando.se. H\u00e4r hittar du v\u00e5ra <a href=\"https:\/\/www.gamla.creando.se\/index.php\/contact\/\" target=\"_blank\" rel=\"noopener\" title=\"\">kontaktuppgifter >>><\/a><\/p>\n","protected":false},"excerpt":{"rendered":"<p>Creando AB respekterar din integritet och r\u00e4tten att ha kontroll \u00f6ver dina personuppgifter.&nbsp;&nbsp; I v\u00e5r policy f\u00f6r personuppgifter beskrivs vilka uppgifter vi samlar in, i vilket syfte de samlas in, p\u00e5 vilket s\u00e4tt du kan ha kontroll \u00f6ver dina egna uppgifter samt hur du kan kontakta oss. Denna personuppgiftspolicy g\u00e4ller n\u00e4r du anv\u00e4nder webbsidor och [&hellip;]<\/p>\n","protected":false},"author":1,"featured_media":0,"parent":0,"menu_order":0,"comment_status":"closed","ping_status":"closed","template":"","meta":{"footnotes":""},"class_list":["post-2023","page","type-page","status-publish","hentry"],"aioseo_notices":[],"_links":{"self":[{"href":"https:\/\/gamla.creando.se\/index.php\/wp-json\/wp\/v2\/pages\/2023","targetHints":{"allow":["GET"]}}],"collection":[{"href":"https:\/\/gamla.creando.se\/index.php\/wp-json\/wp\/v2\/pages"}],"about":[{"href":"https:\/\/gamla.creando.se\/index.php\/wp-json\/wp\/v2\/types\/page"}],"author":[{"embeddable":true,"href":"https:\/\/gamla.creando.se\/index.php\/wp-json\/wp\/v2\/users\/1"}],"replies":[{"embeddable":true,"href":"https:\/\/gamla.creando.se\/index.php\/wp-json\/wp\/v2\/comments?post=2023"}],"version-history":[{"count":2,"href":"https:\/\/gamla.creando.se\/index.php\/wp-json\/wp\/v2\/pages\/2023\/revisions"}],"predecessor-version":[{"id":2025,"href":"https:\/\/gamla.creando.se\/index.php\/wp-json\/wp\/v2\/pages\/2023\/revisions\/2025"}],"wp:attachment":[{"href":"https:\/\/gamla.creando.se\/index.php\/wp-json\/wp\/v2\/media?parent=2023"}],"curies":[{"name":"wp","href":"https:\/\/api.w.org\/{rel}","templated":true}]}}